{"id":1120,"date":"2025-11-16T05:45:01","date_gmt":"2025-11-16T05:45:01","guid":{"rendered":"https:\/\/bronkiewicz.pl\/?page_id=1120"},"modified":"2025-11-16T06:57:49","modified_gmt":"2025-11-16T06:57:49","slug":"rzezba-drewno","status":"publish","type":"page","link":"https:\/\/bronkiewicz.pl\/?page_id=1120","title":{"rendered":"Rze\u017aba-drewno"},"content":{"rendered":"<div class=\"wpb-content-wrapper\"><p>[vc_row][vc_column][vc_column_text css=&#8221;&#8221;]<\/p>\n<h1 data-start=\"850\" data-end=\"985\">Antropomorficzne hybrydy \u2013 cz\u0142owiek jako struktura wielop\u0142aszczyznowa<\/h1>\n<p data-start=\"850\" data-end=\"985\">W wielu rze\u017abach pojawiaj\u0105 si\u0119 zdeformowane, wyd\u0142u\u017cone, zniekszta\u0142cone twarze i sylwetki, kt\u00f3re jednak zachowuj\u0105 wyra\u017ane cechy ludzkie.<\/p>\n<p data-start=\"987\" data-end=\"1007\"><strong data-start=\"987\" data-end=\"1007\">Przyk\u0142ady rze\u017ab:<\/strong><\/p>\n<ul data-start=\"1008\" data-end=\"1329\">\n<li data-start=\"1008\" data-end=\"1134\">\n<p data-start=\"1010\" data-end=\"1134\"><strong data-start=\"1010\" data-end=\"1044\">Wisz\u0105ca rze\u017aba wieloelementowa<\/strong> (segmentowa, rytmiczna) \u2013 <em data-start=\"1071\" data-end=\"1131\">cz\u0142owiek jako obiekt rozcz\u0142onkowany i scalony jednocze\u015bnie<\/em>.<\/p>\n<\/li>\n<li data-start=\"1135\" data-end=\"1225\">\n<p data-start=\"1137\" data-end=\"1225\"><strong data-start=\"1137\" data-end=\"1178\">Smuk\u0142a rze\u017aba z du\u017cym okiem\/okienkiem<\/strong> \u2013 <em data-start=\"1181\" data-end=\"1222\">posta\u0107 hybrydowa, prawie technologiczna<\/em>.<\/p>\n<\/li>\n<li data-start=\"1226\" data-end=\"1329\">\n<p data-start=\"1228\" data-end=\"1329\"><strong data-start=\"1228\" data-end=\"1272\">Ma\u0142a rze\u017aba dwutwarzowa (be\u017cowo-zielona)<\/strong> \u2013 <em data-start=\"1275\" data-end=\"1328\">motyw podw\u00f3jnej to\u017csamo\u015bci i wewn\u0119trznego konfliktu<\/em>.<\/p>\n<\/li>\n<\/ul>\n<h3 data-start=\"1331\" data-end=\"1347\">Co je \u0142\u0105czy?<\/h3>\n<p data-start=\"1348\" data-end=\"1445\">Motyw <strong data-start=\"1354\" data-end=\"1384\">cz\u0142owieka wielowarstwowego<\/strong>, b\u0119d\u0105cego zbiorem pami\u0119ci, emocji, obci\u0105\u017ce\u0144 i transformacji.<\/p>\n<p>[\/vc_column_text][\/vc_column][\/vc_row][vc_row][vc_column width=&#8221;1\/2&#8243;][vc_gallery interval=&#8221;5&#8243; images=&#8221;398,396,397,395,392&#8243; img_size=&#8221;full&#8221; css=&#8221;&#8221;][\/vc_column][vc_column width=&#8221;1\/2&#8243;][vc_gallery interval=&#8221;3&#8243; images=&#8221;367,366,365&#8243; img_size=&#8221;full&#8221; css=&#8221;&#8221;][\/vc_column][\/vc_row][vc_row][vc_column][vc_column_text css=&#8221;&#8221;]<\/p>\n<h2 data-start=\"1452\" data-end=\"1491\"><strong data-start=\"1455\" data-end=\"1489\">Totemiczno\u015b\u0107 i wertykalno\u015b\u0107<\/strong><\/h2>\n<p data-start=\"1492\" data-end=\"1564\">Rze\u017aby cz\u0119sto uk\u0142adaj\u0105 si\u0119 w wysokie, pionowe formy, kt\u00f3re przypominaj\u0105:<\/p>\n<ul data-start=\"1566\" data-end=\"1656\">\n<li data-start=\"1566\" data-end=\"1580\">\n<p data-start=\"1568\" data-end=\"1580\"><strong data-start=\"1568\" data-end=\"1578\">totemy<\/strong><\/p>\n<\/li>\n<li data-start=\"1581\" data-end=\"1599\">\n<p data-start=\"1583\" data-end=\"1599\"><strong data-start=\"1583\" data-end=\"1597\">stra\u017cnik\u00f3w<\/strong><\/p>\n<\/li>\n<li data-start=\"1600\" data-end=\"1633\">\n<p data-start=\"1602\" data-end=\"1633\"><strong data-start=\"1602\" data-end=\"1631\">pradawne kolumny rytualne<\/strong><\/p>\n<\/li>\n<li data-start=\"1634\" data-end=\"1656\">\n<p data-start=\"1636\" data-end=\"1656\"><strong data-start=\"1636\" data-end=\"1654\">\u201epnie pami\u0119ci\u201d<\/strong><\/p>\n<\/li>\n<\/ul>\n<p data-start=\"1658\" data-end=\"1749\">Powtarza si\u0119 rytm: segment \u2013 przerwa \u2013 segment, co buduje struktur\u0119 wzrostu lub narastania.<\/p>\n<p data-start=\"1751\" data-end=\"1765\"><strong data-start=\"1751\" data-end=\"1765\">Przyk\u0142ady:<\/strong><\/p>\n<ul data-start=\"1766\" data-end=\"1978\">\n<li data-start=\"1766\" data-end=\"1892\">\n<p data-start=\"1768\" data-end=\"1892\"><strong data-start=\"1768\" data-end=\"1805\">Rze\u017aba z korzeniem-drzewem u g\u00f3ry<\/strong> \u2013 przypomina <em data-start=\"1819\" data-end=\"1843\">\u017cywy s\u0142up energetyczny<\/em>, gdzie natura i cz\u0142owiek s\u0105 jednym organizmem.<\/p>\n<\/li>\n<li data-start=\"1893\" data-end=\"1978\">\n<p data-start=\"1895\" data-end=\"1978\"><strong data-start=\"1895\" data-end=\"1951\">Segmentowa rze\u017aba z silnymi za\u0142amanami uk\u0142adu twarzy<\/strong> \u2013 totemiczny s\u0142up prze\u017cy\u0107.<\/p>\n<\/li>\n<\/ul>\n<h3 data-start=\"1980\" data-end=\"2010\">Co jest charakterystyczne?<\/h3>\n<ul data-start=\"2011\" data-end=\"2155\">\n<li data-start=\"2011\" data-end=\"2043\">\n<p data-start=\"2013\" data-end=\"2043\">pion dominuj\u0105cy nad poziomem<\/p>\n<\/li>\n<li data-start=\"2044\" data-end=\"2091\">\n<p data-start=\"2046\" data-end=\"2091\">podzia\u0142y przypominaj\u0105ce geologiczne warstwy<\/p>\n<\/li>\n<li data-start=\"2092\" data-end=\"2155\">\n<p data-start=\"2094\" data-end=\"2155\">wra\u017cenie obiektu rytualnego, u\u017cywanego w \u201enieznanej kulturze\u201d<\/p>\n<\/li>\n<\/ul>\n<p>[\/vc_column_text][\/vc_column][\/vc_row][vc_row][vc_column width=&#8221;1\/2&#8243;][vc_gallery interval=&#8221;5&#8243; images=&#8221;363,362,361&#8243; img_size=&#8221;full&#8221; css=&#8221;&#8221;][\/vc_column][vc_column width=&#8221;1\/2&#8243;][vc_gallery interval=&#8221;0&#8243; images=&#8221;364&#8243; img_size=&#8221;full&#8221; css=&#8221;&#8221;][\/vc_column][\/vc_row][vc_row][vc_column][vc_column_text css=&#8221;&#8221;]<\/p>\n<h2 data-start=\"2162\" data-end=\"2203\"><strong data-start=\"2165\" data-end=\"2201\"> Organiczno-mechaniczne detale<\/strong><\/h2>\n<p data-start=\"2204\" data-end=\"2254\">Bronkiewicz cz\u0119sto \u0142\u0105czy elementy wygl\u0105daj\u0105ce jak:<\/p>\n<ul data-start=\"2256\" data-end=\"2459\">\n<li data-start=\"2256\" data-end=\"2280\">\n<p data-start=\"2258\" data-end=\"2280\"><strong data-start=\"2258\" data-end=\"2278\">tkanki i mi\u0119\u015bnie<\/strong><\/p>\n<\/li>\n<li data-start=\"2281\" data-end=\"2304\">\n<p data-start=\"2283\" data-end=\"2304\"><strong data-start=\"2283\" data-end=\"2302\">pancerze owad\u00f3w<\/strong><\/p>\n<\/li>\n<li data-start=\"2305\" data-end=\"2324\">\n<p data-start=\"2307\" data-end=\"2324\"><strong data-start=\"2307\" data-end=\"2322\">p\u0142aty sk\u00f3ry<\/strong><\/p>\n<\/li>\n<li data-start=\"2325\" data-end=\"2380\">\n<p data-start=\"2327\" data-end=\"2380\"><strong data-start=\"2327\" data-end=\"2378\">perforacje przypominaj\u0105ce filtry lub kratownice<\/strong><\/p>\n<\/li>\n<li data-start=\"2381\" data-end=\"2459\">\n<p data-start=\"2383\" data-end=\"2459\"><strong data-start=\"2383\" data-end=\"2404\">metaliczne detale<\/strong> (np. w rze\u017abie z zielonym okiem i metalowymi panelami)<\/p>\n<\/li>\n<\/ul>\n<p data-start=\"2461\" data-end=\"2508\">To tworzy efekt postaci, kt\u00f3re mog\u0142yby istnie\u0107:<\/p>\n<ul data-start=\"2510\" data-end=\"2583\">\n<li data-start=\"2510\" data-end=\"2522\">\n<p data-start=\"2512\" data-end=\"2522\">w micie,<\/p>\n<\/li>\n<li data-start=\"2523\" data-end=\"2557\">\n<p data-start=\"2525\" data-end=\"2557\">w postapokaliptycznym \u015bwiecie,<\/p>\n<\/li>\n<li data-start=\"2558\" data-end=\"2583\">\n<p data-start=\"2560\" data-end=\"2583\">w wizji futurystycznej.<\/p>\n<\/li>\n<\/ul>\n<h3 data-start=\"2585\" data-end=\"2599\">Przyk\u0142ady:<\/h3>\n<ul data-start=\"2600\" data-end=\"2830\">\n<li data-start=\"2600\" data-end=\"2735\">\n<p data-start=\"2602\" data-end=\"2735\"><strong data-start=\"2602\" data-end=\"2652\">Rze\u017aba z zielonym okiem i metalowym ornamentem<\/strong> \u2013 typowa mieszanina <em data-start=\"2673\" data-end=\"2697\">organicznej deformacji<\/em> i <em data-start=\"2700\" data-end=\"2732\">mechanicznej quasi-technologii<\/em>.<\/p>\n<\/li>\n<li data-start=\"2736\" data-end=\"2830\">\n<p data-start=\"2738\" data-end=\"2830\"><strong data-start=\"2738\" data-end=\"2779\">Rze\u017aba z okr\u0105g\u0142ym \u201ewizjerem\u201d w g\u0142owie<\/strong> \u2013 prawie cyborgiczna, lecz ciep\u0142a w formie drewna.<\/p>\n<\/li>\n<\/ul>\n<p>[\/vc_column_text][\/vc_column][\/vc_row][vc_row][vc_column width=&#8221;1\/2&#8243;][vc_gallery interval=&#8221;5&#8243; images=&#8221;360,359,358,357&#8243; img_size=&#8221;full&#8221; css=&#8221;&#8221;][\/vc_column][vc_column width=&#8221;1\/2&#8243;][vc_gallery interval=&#8221;0&#8243; images=&#8221;354,353&#8243; img_size=&#8221;full&#8221; css=&#8221;&#8221;][\/vc_column][\/vc_row][vc_row][vc_column][vc_column_text css=&#8221;&#8221;]<\/p>\n<h2 data-start=\"3347\" data-end=\"3386\"><strong data-start=\"3350\" data-end=\"3384\">Tekstury i rytm narz\u0119dziowy<\/strong><\/h2>\n<p data-start=\"3387\" data-end=\"3429\">Powierzchnie rze\u017ab s\u0105 bardzo zr\u00f3\u017cnicowane:<\/p>\n<ul data-start=\"3431\" data-end=\"3599\">\n<li data-start=\"3431\" data-end=\"3447\">\n<p data-start=\"3433\" data-end=\"3447\">ostre ci\u0119cia<\/p>\n<\/li>\n<li data-start=\"3448\" data-end=\"3462\">\n<p data-start=\"3450\" data-end=\"3462\">rowkowania<\/p>\n<\/li>\n<li data-start=\"3463\" data-end=\"3485\">\n<p data-start=\"3465\" data-end=\"3485\">rytmiczne naci\u0119cia<\/p>\n<\/li>\n<li data-start=\"3486\" data-end=\"3507\">\n<p data-start=\"3488\" data-end=\"3507\">mi\u0119kkie krzywizny<\/p>\n<\/li>\n<li data-start=\"3508\" data-end=\"3554\">\n<p data-start=\"3510\" data-end=\"3554\">ornament przypominaj\u0105cy tubylcze dekoracje<\/p>\n<\/li>\n<li data-start=\"3555\" data-end=\"3599\">\n<p data-start=\"3557\" data-end=\"3599\">delikatne \u015blady d\u0142uta, celowo pozostawione<\/p>\n<\/li>\n<\/ul>\n<p data-start=\"3601\" data-end=\"3696\">Powoduje to, \u017ce rze\u017aby wygl\u0105daj\u0105 jak <strong data-start=\"3638\" data-end=\"3667\">artefakty z innej kultury<\/strong>, nawet je\u015bli s\u0105 wsp\u00f3\u0142czesne.<\/p>\n<p>[\/vc_column_text][\/vc_column][\/vc_row][vc_row][vc_column][vc_gallery interval=&#8221;5&#8243; images=&#8221;351,350,348&#8243; img_size=&#8221;large&#8221; css=&#8221;&#8221;][\/vc_column][\/vc_row]<\/p>\n<\/div>","protected":false},"excerpt":{"rendered":"<p>[vc_row][vc_column][vc_column_text css=&#8221;&#8221;] Antropomorficzne hybrydy \u2013 cz\u0142owiek jako struktura wielop\u0142aszczyznowa W wielu rze\u017abach pojawiaj\u0105 si\u0119 zdeformowane, wyd\u0142u\u017cone, zniekszta\u0142cone twarze i sylwetki, kt\u00f3re jednak zachowuj\u0105 wyra\u017ane cechy ludzkie. Przyk\u0142ady rze\u017ab: Wisz\u0105ca rze\u017aba wieloelementowa (segmentowa, rytmiczna) \u2013 cz\u0142owiek jako obiekt rozcz\u0142onkowany i scalony jednocze\u015bnie. Smuk\u0142a rze\u017aba z du\u017cym okiem\/okienkiem \u2013 posta\u0107 hybrydowa, prawie technologiczna. Ma\u0142a rze\u017aba dwutwarzowa (be\u017cowo-zielona) [&hellip;]<\/p>\n","protected":false},"author":1,"featured_media":0,"parent":0,"menu_order":0,"comment_status":"closed","ping_status":"closed","template":"","meta":{"footnotes":""},"class_list":["post-1120","page","type-page","status-publish","hentry"],"_links":{"self":[{"href":"https:\/\/bronkiewicz.pl\/index.php?rest_route=\/wp\/v2\/pages\/1120","targetHints":{"allow":["GET"]}}],"collection":[{"href":"https:\/\/bronkiewicz.pl\/index.php?rest_route=\/wp\/v2\/pages"}],"about":[{"href":"https:\/\/bronkiewicz.pl\/index.php?rest_route=\/wp\/v2\/types\/page"}],"author":[{"embeddable":true,"href":"https:\/\/bronkiewicz.pl\/index.php?rest_route=\/wp\/v2\/users\/1"}],"replies":[{"embeddable":true,"href":"https:\/\/bronkiewicz.pl\/index.php?rest_route=%2Fwp%2Fv2%2Fcomments&post=1120"}],"version-history":[{"count":10,"href":"https:\/\/bronkiewicz.pl\/index.php?rest_route=\/wp\/v2\/pages\/1120\/revisions"}],"predecessor-version":[{"id":1135,"href":"https:\/\/bronkiewicz.pl\/index.php?rest_route=\/wp\/v2\/pages\/1120\/revisions\/1135"}],"wp:attachment":[{"href":"https:\/\/bronkiewicz.pl\/index.php?rest_route=%2Fwp%2Fv2%2Fmedia&parent=1120"}],"curies":[{"name":"wp","href":"https:\/\/api.w.org\/{rel}","templated":true}]}}