{"id":1194,"date":"2025-11-24T02:54:37","date_gmt":"2025-11-24T02:54:37","guid":{"rendered":"https:\/\/bronkiewicz.pl\/?page_id=1194"},"modified":"2025-11-24T03:51:18","modified_gmt":"2025-11-24T03:51:18","slug":"piszczalki","status":"publish","type":"page","link":"https:\/\/bronkiewicz.pl\/?page_id=1194","title":{"rendered":"Piszcza\u0142ki"},"content":{"rendered":"<div class=\"wpb-content-wrapper\"><p>[vc_row][vc_column][vc_column_text]<\/p>\n<h1 data-start=\"205\" data-end=\"262\"><strong data-start=\"207\" data-end=\"262\">Piszcza\u0142ki \u2013 rze\u017aby d\u017awi\u0119kowe Tadeusza Bronkiewicza<\/strong><\/h1>\n<p data-start=\"264\" data-end=\"595\">Piszcza\u0142ki tworzone przez Tadeusza Bronkiewicza to osobny, niezwykle charakterystyczny nurt jego pracy \u2013 subtelny, ale pe\u0142en si\u0142y. To obiekty, kt\u00f3re plasuj\u0105 si\u0119 na granicy <strong data-start=\"436\" data-end=\"484\">rze\u017aby, instrumentu i archaicznego artefaktu<\/strong>, \u0142\u0105cz\u0105c w sobie to, co najwa\u017cniejsze w jego sztuce: organiczno\u015b\u0107, intuicj\u0119 i g\u0142\u0119bokie zakorzenienie w materii.<\/p>\n<p data-start=\"597\" data-end=\"1005\">Ka\u017cda piszcza\u0142ka powstaje z jednego kawa\u0142ka drewna, obrabianego r\u0119cznie no\u017cem, d\u0142utem, pilnikiem. Artysta <strong data-start=\"703\" data-end=\"737\">sam je stroi i sam na nich gra<\/strong>, traktuj\u0105c je nie tylko jako rze\u017aby, lecz tak\u017ce jako przed\u0142u\u017cenie w\u0142asnego cia\u0142a \u2013 narz\u0119dzia oddychania i rytmu. D\u017awi\u0119k nie jest tutaj dodatkiem, ale integraln\u0105 cz\u0119\u015bci\u0105 formy. Dopiero wibracja powietrza \u201euruchamia\u201d w pe\u0142ni to, co zosta\u0142o zapisane w strukturze drewna.<\/p>\n<h2 data-start=\"1007\" data-end=\"1046\"><strong data-start=\"1010\" data-end=\"1046\">Rze\u017aba, kt\u00f3ra mie\u015bci si\u0119 w d\u0142oni<\/strong><\/h2>\n<p data-start=\"1047\" data-end=\"1320\">Cho\u0107 s\u0105 niewielkie, piszcza\u0142ki maj\u0105 wyra\u017anie rze\u017abiarski charakter. Linia, ci\u0119cie i rytm przypominaj\u0105 j\u0119zyk obecny w wi\u0119kszych pracach artysty:<br data-start=\"1190\" data-end=\"1193\" \/>\u2013 dynamiczne \u017c\u0142obienia,<br data-start=\"1216\" data-end=\"1219\" \/>\u2013 spiralne naci\u0119cia,<br data-start=\"1239\" data-end=\"1242\" \/>\u2013 prymitywizowane maski i totemiczne twarze,<br data-start=\"1286\" data-end=\"1289\" \/>\u2013 rytualne znaki i ornamenty.<\/p>\n<p data-start=\"1322\" data-end=\"1529\">Drewno prowadzi tu w\u0142asn\u0105 narracj\u0119 \u2013 pe\u0142n\u0105 napi\u0119\u0107, \u0142uk\u00f3w i intuicyjnych skr\u0119t\u00f3w. Ka\u017cda piszcza\u0142ka jest inna, jakby stanowi\u0142a fragment wi\u0119kszej opowie\u015bci o pierwotnym kontakcie cz\u0142owieka z natur\u0105 i d\u017awi\u0119kiem.<\/p>\n<h2 data-start=\"1531\" data-end=\"1571\"><strong data-start=\"1534\" data-end=\"1571\">Przedmioty zakorzenione w naturze<\/strong><\/h2>\n<p data-start=\"1572\" data-end=\"1889\">Piszcza\u0142ki Bronkiewicza wygl\u0105daj\u0105 niekiedy jak znaleziska archeologiczne, jakby kto\u015b wykopa\u0142 je spod warstwy czasu. To wynik \u015bwiadomego podej\u015bcia do materia\u0142u i formy, ale tak\u017ce \u015brodowiska, w kt\u00f3rym powstaj\u0105. Artysta \u017cyje i pracuje na Roztoczu \u2013 w przestrzeni, gdzie las, mech, korzenie i kamienie s\u0105 codzienno\u015bci\u0105.<\/p>\n<p data-start=\"1891\" data-end=\"2028\">To w\u0142a\u015bnie ta blisko\u015b\u0107 natury czyni jego piszcza\u0142ki <strong data-start=\"1943\" data-end=\"1983\">obiektami organicznymi, archaicznymi<\/strong>, osadzonymi w dawnych rytua\u0142ach i symbolice.<\/p>\n<h2 data-start=\"2030\" data-end=\"2068\"><strong data-start=\"2033\" data-end=\"2068\">D\u017awi\u0119k jako przed\u0142u\u017cenie rze\u017aby<\/strong><\/h2>\n<p data-start=\"2069\" data-end=\"2349\">Najwa\u017cniejsze jednak, \u017ce te obiekty \u017cyj\u0105 dopiero wtedy, gdy wydobywa si\u0119 z nich d\u017awi\u0119k.<br data-start=\"2156\" data-end=\"2159\" \/>Bronkiewicz sam je stroi \u2013 precyzyjnie, cierpliwie, metod\u0105 pr\u00f3b i intuicyjnych poprawek. Nie korzysta z gotowych schemat\u00f3w. Ka\u017cda piszcza\u0142ka ma w\u0142asn\u0105 skal\u0119, w\u0142asny g\u0142os, w\u0142asny charakter.<\/p>\n<p data-start=\"2351\" data-end=\"2593\">Gdy artysta na nich gra, rze\u017aba staje si\u0119 instrumentem, a instrument \u2013 rze\u017ab\u0105. Materia zaczyna wibrowa\u0107, podkre\u015blaj\u0105c sens jego tw\u00f3rczo\u015bci: <strong data-start=\"2491\" data-end=\"2514\">nic nie jest martwe<\/strong>, ka\u017cde drzewo, ka\u017cdy korze\u0144, ka\u017cdy kawa\u0142ek drewna ma w sobie ukryte brzmienie.<\/p>\n<h2 data-start=\"2595\" data-end=\"2632\"><strong data-start=\"2598\" data-end=\"2632\">Ma\u0142e formy \u2013 wielkie znaczenia<\/strong><\/h2>\n<p data-start=\"2633\" data-end=\"2699\">Piszcza\u0142ki stanowi\u0105 niezwykle wa\u017cn\u0105 cz\u0119\u015b\u0107 jego drogi tw\u00f3rczej. S\u0105:<\/p>\n<ul data-start=\"2700\" data-end=\"2873\">\n<li data-start=\"2700\" data-end=\"2728\">\n<p data-start=\"2702\" data-end=\"2728\">szkicami przestrzennymi,<\/p>\n<\/li>\n<li data-start=\"2729\" data-end=\"2756\">\n<p data-start=\"2731\" data-end=\"2756\">badaniem form i rytm\u00f3w,<\/p>\n<\/li>\n<li data-start=\"2757\" data-end=\"2806\">\n<p data-start=\"2759\" data-end=\"2806\">intymnymi obiektami o symbolicznym znaczeniu,<\/p>\n<\/li>\n<li data-start=\"2807\" data-end=\"2873\">\n<p data-start=\"2809\" data-end=\"2873\">przedmiotami u\u017cytkowymi, ale istniej\u0105cymi na poziomie rytua\u0142u.<\/p>\n<\/li>\n<\/ul>\n<p data-start=\"2875\" data-end=\"3149\">W ich j\u0119zyku mo\u017cna odnale\u017a\u0107 te same impulsy, kt\u00f3re prowadz\u0105 artyst\u0119 w stron\u0119 monumentalnych rze\u017ab z czarnego d\u0119bu \u2013 materia\u0142u, w kt\u00f3rym powstaje jego najnowszy cykl (2025). Piszcza\u0142ki s\u0105 jak ma\u0142e laboratoria form: eksploracje, kt\u00f3re p\u00f3\u017aniej przeobra\u017caj\u0105 si\u0119 w wi\u0119ksze wizje.<\/p>\n<h2 data-start=\"3151\" data-end=\"3177\"><strong data-start=\"3154\" data-end=\"3177\">Spotkanie z materi\u0105<\/strong><\/h2>\n<p data-start=\"3178\" data-end=\"3466\">Piszcza\u0142ki Tadeusza Bronkiewicza to wi\u0119cej ni\u017c ozdobne obiekty. To <strong data-start=\"3245\" data-end=\"3270\">narz\u0119dzia komunikacji<\/strong> \u2013 z lasem, z pami\u0119ci\u0105, z pod\u015bwiadomo\u015bci\u0105. Ka\u017cda z nich powstaje z potrzeby dotkni\u0119cia prawdy ukrytej w drewnie. To rze\u017aby, kt\u00f3re mo\u017cna trzyma\u0107 w d\u0142oni, ale kt\u00f3re rezonuj\u0105 daleko poza swoj\u0105 skal\u0105.<\/p>\n<p>[\/vc_column_text][\/vc_column][\/vc_row][vc_row][vc_column][vc_separator border_width=&#8221;7&#8243; css=&#8221;&#8221;][\/vc_column][\/vc_row][vc_row][vc_column width=&#8221;2\/3&#8243;][vc_gallery interval=&#8221;10&#8243; images=&#8221;1196,1197,1198,1199,1200,1201,1203&#8243; img_size=&#8221;full&#8221; css=&#8221;&#8221;][\/vc_column][vc_column width=&#8221;1\/3&#8243;][vc_column_text css=&#8221;&#8221;]<\/p>\n<p data-start=\"461\" data-end=\"797\">Bronkiewicz <strong data-start=\"473\" data-end=\"506\">samodzielnie stroi piszcza\u0142ki<\/strong> oraz <strong data-start=\"512\" data-end=\"527\">gra na nich<\/strong>, dzi\u0119ki czemu forma rze\u017abiarska bezpo\u015brednio \u0142\u0105czy si\u0119 z funkcjonalno\u015bci\u0105 akustyczn\u0105. Otwory, kana\u0142 powietrzny oraz wn\u0119trze rezonansowe dopasowywane s\u0105 metod\u0105 pr\u00f3b i korekt, co pozwala uzyska\u0107 surowe, naturalne brzmienie charakterystyczne dla instrument\u00f3w prymitywnych.<\/p>\n<p data-start=\"799\" data-end=\"1051\">Podstawy instrument\u00f3w \u2013 cz\u0119sto rze\u017abione z tego samego kawa\u0142ka drewna lub \u0142\u0105czone z metalowymi elementami \u2013 pe\u0142ni\u0105 zar\u00f3wno funkcj\u0119 ekspozycyjn\u0105, jak i konstrukcyjn\u0105. Tworz\u0105 one stabilne \u201egniazdo\u201d dla instrumentu, podkre\u015blaj\u0105c jego organiczny charakter.<\/p>\n<p data-start=\"1053\" data-end=\"1297\">Piszcza\u0142ki Bronkiewicza funkcjonuj\u0105 na styku <strong data-start=\"1098\" data-end=\"1142\">rze\u017aby, obiektu i instrumentu u\u017cytkowego<\/strong>. \u0141\u0105cz\u0105 precyzyjn\u0105 obr\u00f3bk\u0119 drewna z intuicyjn\u0105, akustyczn\u0105 praktyk\u0105, stanowi\u0105c jeden z najbardziej charakterystycznych i osobnych obszar\u00f3w jego tw\u00f3rczo\u015bci.<\/p>\n<p>[\/vc_column_text][\/vc_column][\/vc_row][vc_row][vc_column][\/vc_column][\/vc_row][vc_row][vc_column][vc_gallery interval=&#8221;10&#8243; images=&#8221;1204,1205,1211,1210,1209,1208,1207,1206&#8243; img_size=&#8221;full&#8221; css=&#8221;&#8221;][\/vc_column][\/vc_row][vc_row][vc_column][vc_gallery interval=&#8221;10&#8243; images=&#8221;1213,1214,1215,1216,1217,1218,1219,1220,1221,1222&#8243; img_size=&#8221;full&#8221; css=&#8221;&#8221;][\/vc_column][\/vc_row][vc_row][vc_column][vc_gallery interval=&#8221;5&#8243; images=&#8221;1223,1224,1225,1226,1227&#8243; img_size=&#8221;full&#8221; css=&#8221;&#8221;][\/vc_column][\/vc_row][vc_row][vc_column][vc_gallery interval=&#8221;5&#8243; images=&#8221;1219,1228,1229,1230,1231,1232&#8243; img_size=&#8221;full&#8221; css=&#8221;&#8221;][\/vc_column][\/vc_row][vc_row][vc_column][vc_gallery interval=&#8221;10&#8243; images=&#8221;1233,1234,1235,1236,1237,1238&#8243; img_size=&#8221;full&#8221; css=&#8221;&#8221;][\/vc_column][\/vc_row][vc_row][vc_column][vc_gallery interval=&#8221;5&#8243; images=&#8221;1239,1240,1241,1242,1243&#8243; img_size=&#8221;full&#8221; css=&#8221;&#8221;][\/vc_column][\/vc_row][vc_row][vc_column][vc_gallery interval=&#8221;5&#8243; images=&#8221;1244,1245,1246,1247,1248&#8243; img_size=&#8221;full&#8221; css=&#8221;&#8221;][\/vc_column][\/vc_row][vc_row][vc_column][vc_gallery interval=&#8221;5&#8243; images=&#8221;1249,1250,1251,1252&#8243; img_size=&#8221;full&#8221; css=&#8221;&#8221;][\/vc_column][\/vc_row]<\/p>\n<\/div>","protected":false},"excerpt":{"rendered":"<p>[vc_row][vc_column][vc_column_text] Piszcza\u0142ki \u2013 rze\u017aby d\u017awi\u0119kowe Tadeusza Bronkiewicza Piszcza\u0142ki tworzone przez Tadeusza Bronkiewicza to osobny, niezwykle charakterystyczny nurt jego pracy \u2013 subtelny, ale pe\u0142en si\u0142y. To obiekty, kt\u00f3re plasuj\u0105 si\u0119 na granicy rze\u017aby, instrumentu i archaicznego artefaktu, \u0142\u0105cz\u0105c w sobie to, co najwa\u017cniejsze w jego sztuce: organiczno\u015b\u0107, intuicj\u0119 i g\u0142\u0119bokie zakorzenienie w materii. Ka\u017cda piszcza\u0142ka powstaje [&hellip;]<\/p>\n","protected":false},"author":1,"featured_media":0,"parent":0,"menu_order":0,"comment_status":"closed","ping_status":"closed","template":"","meta":{"footnotes":""},"class_list":["post-1194","page","type-page","status-publish","hentry"],"_links":{"self":[{"href":"https:\/\/bronkiewicz.pl\/index.php?rest_route=\/wp\/v2\/pages\/1194","targetHints":{"allow":["GET"]}}],"collection":[{"href":"https:\/\/bronkiewicz.pl\/index.php?rest_route=\/wp\/v2\/pages"}],"about":[{"href":"https:\/\/bronkiewicz.pl\/index.php?rest_route=\/wp\/v2\/types\/page"}],"author":[{"embeddable":true,"href":"https:\/\/bronkiewicz.pl\/index.php?rest_route=\/wp\/v2\/users\/1"}],"replies":[{"embeddable":true,"href":"https:\/\/bronkiewicz.pl\/index.php?rest_route=%2Fwp%2Fv2%2Fcomments&post=1194"}],"version-history":[{"count":3,"href":"https:\/\/bronkiewicz.pl\/index.php?rest_route=\/wp\/v2\/pages\/1194\/revisions"}],"predecessor-version":[{"id":1253,"href":"https:\/\/bronkiewicz.pl\/index.php?rest_route=\/wp\/v2\/pages\/1194\/revisions\/1253"}],"wp:attachment":[{"href":"https:\/\/bronkiewicz.pl\/index.php?rest_route=%2Fwp%2Fv2%2Fmedia&parent=1194"}],"curies":[{"name":"wp","href":"https:\/\/api.w.org\/{rel}","templated":true}]}}