{"id":27,"date":"2016-08-26T09:18:03","date_gmt":"2016-08-26T09:18:03","guid":{"rendered":"http:\/\/bronkiewicz.pl\/?page_id=27"},"modified":"2025-11-10T13:57:42","modified_gmt":"2025-11-10T13:57:42","slug":"rzezba","status":"publish","type":"page","link":"https:\/\/bronkiewicz.pl\/?page_id=27","title":{"rendered":"P\u0142askorze\u017aba"},"content":{"rendered":"<div class=\"wpb-content-wrapper\"><p>[vc_row][vc_column][vc_column_text css=&#8221;&#8221;]<\/p>\n<h1 data-start=\"0\" data-end=\"34\">P\u0142askorze\u017aby \u2013 wej\u015bcia w materi\u0119<\/h1>\n<p data-start=\"36\" data-end=\"507\">Cykl polichromowanych p\u0142askorze\u017ab \u0142\u0105czy rze\u017ab\u0119 z malarstwem. Repusowane, miedziane ramy formuj\u0105 \u201earkady\u201d i \u201enisze\u201d, a wewn\u0105trz nich rozgrywa si\u0119 dialog twardej materii z p\u0142ynnym \u015bwiat\u0142em koloru. Warstwy reliefu \u2013 rysy, p\u0119kni\u0119cia, fa\u0142dy \u2013 nak\u0142adaj\u0105 si\u0119 jak geologiczne przekroje i palimpsesty pami\u0119ci. Raz wy\u0142ania si\u0119 profil-figura, innym razem \u2013 pejza\u017c topograficzny lub architektoniczny znak; zawsze jednak pozostaje wra\u017cenie przej\u015bcia: okno prowadzi do wn\u0119trza materii.<\/p>\n<p data-start=\"509\" data-end=\"819\">To prace o intensywnej fizyczno\u015bci i zarazem malarskiej wra\u017cliwo\u015bci \u2013 mi\u0119dzy ci\u0119\u017carem i lekko\u015bci\u0105, chropowato\u015bci\u0105 i po\u0142yskiem, cisz\u0105 metalu i oddechem b\u0142\u0119kitu. Ka\u017cda p\u0142askorze\u017aba jest tu nie \u201eobrazem\u201d \u015bwiata, lecz progiem \u2013 artefaktem z przysz\u0142ej przesz\u0142o\u015bci, kt\u00f3ry otwiera widzowi w\u0142asn\u0105 przestrze\u0144 wyobra\u017ani.<\/p>\n<p>[\/vc_column_text][\/vc_column][\/vc_row][vc_row][vc_column width=&#8221;1\/2&#8243;][vc_gallery interval=&#8221;0&#8243; images=&#8221;314&#8243; img_size=&#8221;full&#8221; css=&#8221;&#8221;][\/vc_column][vc_column width=&#8221;1\/2&#8243;][vc_column_text css=&#8221;&#8221;]<\/p>\n<h3>Niska nisza z czerwieni\u0105 i zieleni\u0105<\/h3>\n<p>Po lewej \u2013 skalna, niemal figuralna masa; po prawej \u2013 koroduj\u0105ca ziele\u0144 o retikularnym, pop\u0119kanym rysunku. Pionowa granica mi\u0119dzy tymi \u015bwiatami przypomina kraw\u0119d\u017a wykopu archeologicznego. \u015awiat\u0142o wyp\u0142ywa z g\u0142\u0119bi czerwieni, ale jest \u201ewstrzymywane\u201d przez g\u0119st\u0105 siatk\u0119 reliefu \u2013 napi\u0119cie mi\u0119dzy p\u0142ynno\u015bci\u0105 barwy a chropowato\u015bci\u0105 materii buduje dramaturgi\u0119.[\/vc_column_text][\/vc_column][\/vc_row][vc_row][vc_column width=&#8221;1\/2&#8243;][vc_column_text css=&#8221;&#8221;]<\/p>\n<h3>Wysoki format z profilem<\/h3>\n<p>Kompozycja wertykalna prowadzi oko w g\u00f3r\u0119 niczym po witra\u017cu: segmenty zieleni, ochry i karminu uk\u0142adaj\u0105 si\u0119 w strefy, mi\u0119dzy kt\u00f3rymi w\u0105tek czarnego, organicznego reliefu rysuje \u201ekr\u0119gos\u0142up\u201d pracy. Wn\u0119trze przypomina przekr\u00f3j ska\u0142y \u2013 porysowane, mi\u0119\u015bniowe fa\u0142dy i szczeliny. Obraz dzia\u0142a jak mapa cia\u0142a\/miasta: figura i architektura stapiaj\u0105 si\u0119, a ostry, ciemny kontur wycina w kolorze rodzaj \u201epami\u0119ciowego\u201d profilu.[\/vc_column_text][\/vc_column][vc_column width=&#8221;1\/2&#8243;][vc_gallery interval=&#8221;0&#8243; images=&#8221;315&#8243; img_size=&#8221;full&#8221; css=&#8221;&#8221;][\/vc_column][\/vc_row][vc_row][vc_column width=&#8221;1\/2&#8243;][vc_gallery interval=&#8221;0&#8243; images=&#8221;316&#8243; img_size=&#8221;full&#8221; css=&#8221;&#8221;][\/vc_column][vc_column width=&#8221;1\/2&#8243;][vc_column_text css=&#8221;&#8221;]<\/p>\n<h3>Zielony \u201ehoryzont\u201d w miedzianej arkadzie<\/h3>\n<p><br data-start=\"1299\" data-end=\"1302\" \/>Najbardziej pejza\u017cowa z prac: \u0142uk arkady otwiera si\u0119 na migotliwy, zielono-turkusowy \u201elas\u201d struktur. Linie jak spl\u0105tane konary i w\u0142\u00f3kna \u017cy\u0142 tworz\u0105 \u017cyw\u0105 membran\u0119; b\u0142\u0119kitne pola dzia\u0142aj\u0105 jak oddechy przestrzeni. To relief o charakterze cartograficznym \u2013 zapis \u017cywio\u0142u wzrostu, w kt\u00f3rym ka\u017cdy p\u0119kni\u0119ty nerw farby pe\u0142ni funkcj\u0119 topograficznej rzeki.[\/vc_column_text][\/vc_column][\/vc_row][vc_row][vc_column width=&#8221;1\/2&#8243;][vc_column_text css=&#8221;&#8221;]<\/p>\n<h3>Mozaika p\u00f3l i \u201eoka\u201d<\/h3>\n<p><br data-start=\"1682\" data-end=\"1685\">Kompozycja segmentowa, budowana z paneli o r\u00f3\u017cnej temperaturze barwnej, przewi\u0105zana z\u0142ocisto-miedzian\u0105 siatk\u0105 sp\u0119ka\u0144. W g\u00f3rnej partii pojawia si\u0119 okr\u0105g\u0142y motyw \u2013 niczym oko\/obiektyw \u2013 kt\u00f3ry \u201emonitoruje\u201d wewn\u0119trzny krajobraz. Praca \u0142\u0105czy precyzj\u0119 ikonostasu z \u017cywio\u0142owo\u015bci\u0105 materii; duchowo\u015b\u0107 jest tu efektem gry modu\u0142\u00f3w i przerw.[\/vc_column_text][\/vc_column][vc_column width=&#8221;1\/2&#8243;][vc_gallery interval=&#8221;0&#8243; images=&#8221;317&#8243; img_size=&#8221;full&#8221; css=&#8221;&#8221;][\/vc_column][\/vc_row][vc_row][vc_column width=&#8221;1\/2&#8243;][vc_gallery interval=&#8221;0&#8243; images=&#8221;318&#8243; img_size=&#8221;full&#8221; css=&#8221;&#8221;][\/vc_column][vc_column width=&#8221;1\/2&#8243;][vc_column_text css=&#8221;&#8221;]<\/p>\n<h3>Profil, b\u0142\u0119kit i architektoniczna inskrypcja<\/h3>\n<p><br data-start=\"2074\" data-end=\"2077\">Po lewej wy\u0142ania si\u0119 monumentalny profil-maszkaron uformowany z blok\u00f3w i \u201einskrypcji\u201d przypominaj\u0105cych ceg\u0142y; po prawej \u2013 ch\u0142odny b\u0142\u0119kit otwiera studni\u0119 przestrzeni. Przeciwstawienie ci\u0119\u017caru (ciemna faktura, \u201ekamienny\u201d alfabet) i lekko\u015bci (g\u0142adkie, niebo\u00adpodobne pole) nadaje kompozycji wymiar teatralny. Relief czyta si\u0119 jak scen\u0119, na kt\u00f3rej kamie\u0144 uczy si\u0119 m\u00f3wi\u0107 \u015bwiat\u0142em.[\/vc_column_text][\/vc_column][\/vc_row]<\/p>\n<\/div>","protected":false},"excerpt":{"rendered":"<p>[vc_row][vc_column][vc_column_text css=&#8221;&#8221;] P\u0142askorze\u017aby \u2013 wej\u015bcia w materi\u0119 Cykl polichromowanych p\u0142askorze\u017ab \u0142\u0105czy rze\u017ab\u0119 z malarstwem. Repusowane, miedziane ramy formuj\u0105 \u201earkady\u201d i \u201enisze\u201d, a wewn\u0105trz nich rozgrywa si\u0119 dialog twardej materii z p\u0142ynnym \u015bwiat\u0142em koloru. Warstwy reliefu \u2013 rysy, p\u0119kni\u0119cia, fa\u0142dy \u2013 nak\u0142adaj\u0105 si\u0119 jak geologiczne przekroje i palimpsesty pami\u0119ci. Raz wy\u0142ania si\u0119 profil-figura, innym razem \u2013 [&hellip;]<\/p>\n","protected":false},"author":1,"featured_media":0,"parent":0,"menu_order":0,"comment_status":"closed","ping_status":"closed","template":"","meta":{"footnotes":""},"class_list":["post-27","page","type-page","status-publish","hentry"],"_links":{"self":[{"href":"https:\/\/bronkiewicz.pl\/index.php?rest_route=\/wp\/v2\/pages\/27","targetHints":{"allow":["GET"]}}],"collection":[{"href":"https:\/\/bronkiewicz.pl\/index.php?rest_route=\/wp\/v2\/pages"}],"about":[{"href":"https:\/\/bronkiewicz.pl\/index.php?rest_route=\/wp\/v2\/types\/page"}],"author":[{"embeddable":true,"href":"https:\/\/bronkiewicz.pl\/index.php?rest_route=\/wp\/v2\/users\/1"}],"replies":[{"embeddable":true,"href":"https:\/\/bronkiewicz.pl\/index.php?rest_route=%2Fwp%2Fv2%2Fcomments&post=27"}],"version-history":[{"count":9,"href":"https:\/\/bronkiewicz.pl\/index.php?rest_route=\/wp\/v2\/pages\/27\/revisions"}],"predecessor-version":[{"id":936,"href":"https:\/\/bronkiewicz.pl\/index.php?rest_route=\/wp\/v2\/pages\/27\/revisions\/936"}],"wp:attachment":[{"href":"https:\/\/bronkiewicz.pl\/index.php?rest_route=%2Fwp%2Fv2%2Fmedia&parent=27"}],"curies":[{"name":"wp","href":"https:\/\/api.w.org\/{rel}","templated":true}]}}