{"id":308,"date":"2017-07-03T08:43:27","date_gmt":"2017-07-03T08:43:27","guid":{"rendered":"http:\/\/bronkiewicz.pl\/?page_id=308"},"modified":"2025-11-24T04:05:30","modified_gmt":"2025-11-24T04:05:30","slug":"wystawy-autorskie","status":"publish","type":"page","link":"https:\/\/bronkiewicz.pl\/?page_id=308","title":{"rendered":"Wystawy"},"content":{"rendered":"<blockquote>\n<h2>Wystawy autorskie<\/h2>\n<p>&nbsp;<\/p><\/blockquote>\n<p><strong>\u201eFestiwal Kultury Pogranicza\u201d<\/strong> malarstwo, Cieszan\u00f3w 2017 r.<\/p>\n<p>&nbsp;<\/p>\n<p><strong>\u201eObrobione ale nieokrzesane\u201d<\/strong> rze\u017aba w kamieniu, wystawa plenerowa, Gorajec 2017 r.<\/p>\n<p>&nbsp;<\/p>\n<p><strong>\u201eSKALNIK-SKO\u0141\u201d<\/strong> rze\u017aba w kamieniu, Gminny O\u015brodek Kultury Sportu Turystyki i Rekreacji, Jarocin 2017 r.<\/p>\n<p>&nbsp;<\/p>\n<p><strong>\u201eKabalista \u2013 cz\u0142owiek w drodze\u2026\u201d<\/strong> malarstwo, XI edycja Festiwalu Kultury \u017bydowskiej Warszawa Singera, Warszawa 2014 r.<\/p>\n<p>&nbsp;<\/p>\n<p><strong>\u201ePo tamtej stronie lustra\u201d<\/strong> malarstwo, Wojew\u00f3dzki Dom Kultury, Rzesz\u00f3w 2013 r.<\/p>\n<p>&nbsp;<\/p>\n<p><strong>\u201eSukot\u201d<\/strong> malarstwo, X edycja Festiwalu Kultury \u017bydowskiej Warszawa Singera, Warszawa 2013 r.<\/p>\n<p>&nbsp;<\/p>\n<p><strong>\u201eSztuka i jej wielkie oczy\u201d<\/strong> malarstwo, p\u0142askorze\u017aba i rze\u017aba w drewnie, Galeria \u201eNa pi\u0119trze\u201d Centrum Wikliniarstwa, Rudnik nad Sanem 2010 r.<\/p>\n<p>&nbsp;<\/p>\n<p>Galeria <strong>\u201ePrzy Bramie\u201d<\/strong> malarstwo, Lublin 2003 r.<\/p>\n<p>&nbsp;<\/p>\n<p>Galeria <strong>\u201eDa Vinci\u201d<\/strong> malarstwo, Nowy S\u0105cz 2002 r.<\/p>\n<blockquote><p>&nbsp;<\/p>\n<h2>Wystawy zbiorowe<\/h2>\n<\/blockquote>\n<p><strong>Muzeum Regionalne Ziemi Limanowskiej<\/strong> i Towarzystwa Sztuk Pi\u0119knych w Nowym S\u0105czu, 2023 r.<\/p>\n<p>&nbsp;<\/p>\n<p>Galeria Szyb Wilson, <strong>II Przegl\u0105d Sztuki Wsp\u00f3\u0142czesnej Nowa Awangarda<\/strong>, malarstwo, Katowice 2018 r.<\/p>\n<p>&nbsp;<\/p>\n<p>Galeria <strong>\u201ePod Schodami\u201d<\/strong> XXXVI wystawa pokonkursowa Towarzystwa Przyjaci\u00f3\u0142 Sztuk Pi\u0119knych, Nowy S\u0105cz 2015 r. \u2013 III miejsce w kategorii malarstwo<\/p>\n<p>&nbsp;<\/p>\n<p><strong>\u201eLe Coupe Gorge\u201d<\/strong> malarstwo, Pary\u017c 2008 r.<\/p>\n<p>&nbsp;<\/p>\n<p>&nbsp;<\/p>\n<p class=\"cma-preview\">\n","protected":false},"excerpt":{"rendered":"<p>Wystawy autorskie &nbsp; \u201eFestiwal Kultury Pogranicza\u201d malarstwo, Cieszan\u00f3w 2017 r. &nbsp; \u201eObrobione ale nieokrzesane\u201d rze\u017aba w kamieniu, wystawa plenerowa, Gorajec 2017 r. &nbsp; \u201eSKALNIK-SKO\u0141\u201d rze\u017aba w kamieniu, Gminny O\u015brodek Kultury Sportu Turystyki i Rekreacji, Jarocin 2017 r. &nbsp; \u201eKabalista \u2013 cz\u0142owiek w drodze\u2026\u201d malarstwo, XI edycja Festiwalu Kultury \u017bydowskiej Warszawa Singera, Warszawa 2014 r. &nbsp; [&hellip;]<\/p>\n","protected":false},"author":1,"featured_media":0,"parent":0,"menu_order":0,"comment_status":"closed","ping_status":"closed","template":"","meta":{"footnotes":""},"class_list":["post-308","page","type-page","status-publish","hentry"],"_links":{"self":[{"href":"https:\/\/bronkiewicz.pl\/index.php?rest_route=\/wp\/v2\/pages\/308","targetHints":{"allow":["GET"]}}],"collection":[{"href":"https:\/\/bronkiewicz.pl\/index.php?rest_route=\/wp\/v2\/pages"}],"about":[{"href":"https:\/\/bronkiewicz.pl\/index.php?rest_route=\/wp\/v2\/types\/page"}],"author":[{"embeddable":true,"href":"https:\/\/bronkiewicz.pl\/index.php?rest_route=\/wp\/v2\/users\/1"}],"replies":[{"embeddable":true,"href":"https:\/\/bronkiewicz.pl\/index.php?rest_route=%2Fwp%2Fv2%2Fcomments&post=308"}],"version-history":[{"count":12,"href":"https:\/\/bronkiewicz.pl\/index.php?rest_route=\/wp\/v2\/pages\/308\/revisions"}],"predecessor-version":[{"id":1262,"href":"https:\/\/bronkiewicz.pl\/index.php?rest_route=\/wp\/v2\/pages\/308\/revisions\/1262"}],"wp:attachment":[{"href":"https:\/\/bronkiewicz.pl\/index.php?rest_route=%2Fwp%2Fv2%2Fmedia&parent=308"}],"curies":[{"name":"wp","href":"https:\/\/api.w.org\/{rel}","templated":true}]}}