{"id":31,"date":"2016-08-26T09:18:33","date_gmt":"2016-08-26T09:18:33","guid":{"rendered":"http:\/\/bronkiewicz.pl\/?page_id=31"},"modified":"2025-11-24T02:48:06","modified_gmt":"2025-11-24T02:48:06","slug":"rysunek","status":"publish","type":"page","link":"https:\/\/bronkiewicz.pl\/?page_id=31","title":{"rendered":"Rysunek"},"content":{"rendered":"<div class=\"wpb-content-wrapper\"><p>[vc_row][vc_column][vc_column_text css=&#8221;&#8221;]<\/p>\n<p data-start=\"0\" data-end=\"210\">Rysunki \u015bwietnie \u201edomykaj\u0105\u201d obraz tw\u00f3rczo\u015bci Tadeusza Bronkiewicza \u2013 s\u0105 jak notatnik wyobra\u017ani, w kt\u00f3rym w najczystszej, liniowej postaci pojawiaj\u0105 si\u0119 wszystkie jego ulubione motywy z obraz\u00f3w i p\u0142askorze\u017ab.<\/p>\n<h3 data-start=\"212\" data-end=\"249\">Grafika jako laboratorium form<\/h3>\n<p data-start=\"251\" data-end=\"730\">W por\u00f3wnaniu z rozbudowanymi, kolorystycznie g\u0119stymi obrazami, rysunki dzia\u0142aj\u0105 jak szkicownik idei.<br data-start=\"351\" data-end=\"354\" \/>\u2013 <strong data-start=\"356\" data-end=\"365\">Linia<\/strong> przejmuje rol\u0119 koloru: jest gi\u0119tka, kaligraficzna, raz pewna i syntetyczna, raz nerwowa, rozedrgana.<br data-start=\"466\" data-end=\"469\" \/>\u2013 Cz\u0119sto buduje si\u0119 z niej <strong data-start=\"496\" data-end=\"517\">organiczn\u0105 siatk\u0119<\/strong> \u2013 podobn\u0105 do tych, kt\u00f3re w obrazach wype\u0142nia\u0142y sylwetki, pejza\u017ce czy architektur\u0119.<br data-start=\"600\" data-end=\"603\" \/>\u2013 Plamy czerni, szrafowania i kropkowania tworz\u0105 <strong data-start=\"652\" data-end=\"682\">kontrasty \u015bwiat\u0142a i cienia<\/strong>, kt\u00f3re w malarstwie przejmuj\u0105 zestawienia barw.<\/p>\n<p data-start=\"732\" data-end=\"921\">To w\u0142a\u015bnie w tych rysunkach wida\u0107, jak Bronkiewicz konstruuje przestrze\u0144: z kilku krzywych, kilku diagonalnych podzia\u0142\u00f3w i punktowo rozmieszczonych akcent\u00f3w powstaje ca\u0142a, sugestywna scena.<\/p>\n<p>[\/vc_column_text][\/vc_column][\/vc_row][vc_row][vc_column width=&#8221;1\/2&#8243;][vc_single_image image=&#8221;338&#8243; img_size=&#8221;large&#8221; add_caption=&#8221;yes&#8221; alignment=&#8221;center&#8221; style=&#8221;vc_box_shadow_3d&#8221; onclick=&#8221;zoom&#8221; css_animation=&#8221;fadeIn&#8221; css=&#8221;&#8221;][\/vc_column][vc_column width=&#8221;1\/2&#8243;][vc_single_image image=&#8221;337&#8243; img_size=&#8221;large&#8221; add_caption=&#8221;yes&#8221; alignment=&#8221;center&#8221; style=&#8221;vc_box_shadow_3d&#8221; onclick=&#8221;zoom&#8221; css_animation=&#8221;fadeIn&#8221; css=&#8221;&#8221;][\/vc_column][\/vc_row][vc_row][vc_column][vc_column_text css=&#8221;&#8221;]<\/p>\n<p data-start=\"950\" data-end=\"1031\">Mimo minimalistycznego \u015brodka wyrazu, ikonografia jest typowo \u201ebronkiewiczowska\u201d:<\/p>\n<ul data-start=\"1033\" data-end=\"1926\">\n<li data-start=\"1033\" data-end=\"1282\">\n<p data-start=\"1035\" data-end=\"1282\"><strong data-start=\"1035\" data-end=\"1059\">Postacie hybrydyczne<\/strong> \u2013 figury o wyd\u0142u\u017conych proporcjach, z kulistymi g\u0142owami, maskami, jedynym okiem, fragmentami kostiumu. Pojawiaj\u0105 si\u0119 tu podobnie jak w obrazach: stoj\u0105 na granicy \u015bwiata ludzkiego i jakiego\u015b kosmiczno-teatralnego pejza\u017cu.<\/p>\n<\/li>\n<li data-start=\"1283\" data-end=\"1468\">\n<p data-start=\"1285\" data-end=\"1468\"><strong data-start=\"1285\" data-end=\"1312\">Kula \/ s\u0142o\u0144ce \/ ksi\u0119\u017cyc<\/strong> \u2013 kr\u0105\u017c\u0105ca nad postaci\u0105, trzymana w r\u0119kach, wpisana w tarcz\u0119; to ten sam symbol, kt\u00f3ry w malarstwie wraca jako tarcza, aureola, planeta czy \u201eobce s\u0142o\u0144ce\u201d.<\/p>\n<\/li>\n<li data-start=\"1469\" data-end=\"1736\">\n<p data-start=\"1471\" data-end=\"1736\"><strong data-start=\"1471\" data-end=\"1495\">Architektury i mosty<\/strong> \u2013 syntetyczne budowle, \u0142uki, k\u0142adki i schody, przypominaj\u0105ce scenografie z obraz\u00f3w (\u201ePleroma\u201d, \u201ePr\u00f3\u017cna\u201d, \u201eWyspa\u201d). Tutaj s\u0105 uproszczone do kilku p\u0142aszczyzn i kontur\u00f3w, ale spe\u0142niaj\u0105 t\u0119 sam\u0105 rol\u0119: ramuj\u0105 akcj\u0119, tworz\u0105 przestrze\u0144 przej\u015bcia.<\/p>\n<\/li>\n<li data-start=\"1737\" data-end=\"1926\">\n<p data-start=\"1739\" data-end=\"1926\"><strong data-start=\"1739\" data-end=\"1771\">Ptaki, b\u0142azny, dziwne istoty<\/strong> \u2013 czy to sylwetka jask\u00f3\u0142ki, czy g\u0142owa b\u0142azna nad bram\u0105, czy humanoid nios\u0105cy kul\u0119 \u2013 wszystkie koresponduj\u0105 z teatralno-mitologicznym \u015bwiatem jego p\u0142\u00f3cien.<\/p>\n<\/li>\n<\/ul>\n<p data-start=\"1928\" data-end=\"2032\">Mo\u017cna wi\u0119c powiedzie\u0107, \u017ce rysunki s\u0105 <strong data-start=\"1965\" data-end=\"1995\">ikonograficznym szkieletem<\/strong> p\u00f3\u017aniejszych, malarskich realizacji.<\/p>\n<p>[\/vc_column_text][\/vc_column][\/vc_row][vc_row][vc_column width=&#8221;1\/2&#8243;][vc_single_image image=&#8221;336&#8243; img_size=&#8221;large&#8221; add_caption=&#8221;yes&#8221; alignment=&#8221;center&#8221; style=&#8221;vc_box_shadow_3d&#8221; onclick=&#8221;zoom&#8221; css_animation=&#8221;fadeIn&#8221; css=&#8221;&#8221;][\/vc_column][vc_column width=&#8221;1\/2&#8243;][vc_single_image image=&#8221;335&#8243; img_size=&#8221;large&#8221; add_caption=&#8221;yes&#8221; alignment=&#8221;center&#8221; style=&#8221;vc_box_shadow_3d&#8221; onclick=&#8221;zoom&#8221; css_animation=&#8221;fadeIn&#8221; css=&#8221;&#8221;][\/vc_column][\/vc_row][vc_row][vc_column][vc_column_text css=&#8221;&#8221;]<\/p>\n<p data-start=\"2060\" data-end=\"2127\">Warto zwr\u00f3ci\u0107 uwag\u0119, jak konsekwentnie artysta my\u015bli kompozycyjnie:<\/p>\n<ul data-start=\"2129\" data-end=\"2609\">\n<li data-start=\"2129\" data-end=\"2319\">\n<p data-start=\"2131\" data-end=\"2319\">Prawie w ka\u017cdym rysunku jest <strong data-start=\"2160\" data-end=\"2190\">silny podzia\u0142 horyzontalny<\/strong> \u2013 linia ziemi, k\u0142adka, parapet, na kt\u00f3rym rozgrywa si\u0119 scena. To echo obraz\u00f3w, gdzie przestrze\u0144 buduj\u0105 poziome \u201epasy\u201d pejza\u017cu.<\/p>\n<\/li>\n<li data-start=\"2320\" data-end=\"2464\">\n<p data-start=\"2322\" data-end=\"2464\"><strong data-start=\"2322\" data-end=\"2335\">Diagonale<\/strong> \u2013 uko\u015bne linie (drogi, mosty, sylwetki) wprowadzaj\u0105 ruch i napi\u0119cie, jak w jego akrylach, gdzie uko\u015bne plany \u201erozcinaj\u0105\u201d kadr.<\/p>\n<\/li>\n<li data-start=\"2465\" data-end=\"2609\">\n<p data-start=\"2467\" data-end=\"2609\">Rytmy <strong data-start=\"2473\" data-end=\"2491\">czerni i bieli<\/strong> zast\u0119puj\u0105 rytmy barw: kratownice, pasy, kratki szrafunku pe\u0142ni\u0105 podobn\u0105 funkcj\u0119, jak siatki kolorystyczne w obrazach.<\/p>\n<\/li>\n<\/ul>\n<p data-start=\"2611\" data-end=\"2752\">Dzi\u0119ki temu nawet najmniejszy rysunek ma klarown\u0105, \u201ezaprojektowan\u0105\u201d kompozycj\u0119 \u2013 nie jest to szkic spontaniczny, lecz ma\u0142a, zamkni\u0119ta ca\u0142o\u015b\u0107.<\/p>\n<p>[\/vc_column_text][\/vc_column][\/vc_row][vc_row][vc_column width=&#8221;1\/2&#8243;][vc_single_image image=&#8221;334&#8243; img_size=&#8221;large&#8221; add_caption=&#8221;yes&#8221; alignment=&#8221;center&#8221; style=&#8221;vc_box_shadow_3d&#8221; onclick=&#8221;zoom&#8221; css_animation=&#8221;fadeIn&#8221; css=&#8221;&#8221;][\/vc_column][vc_column width=&#8221;1\/2&#8243;][vc_single_image image=&#8221;333&#8243; img_size=&#8221;large&#8221; add_caption=&#8221;yes&#8221; alignment=&#8221;center&#8221; style=&#8221;vc_box_shadow_3d&#8221; onclick=&#8221;zoom&#8221; css_animation=&#8221;fadeIn&#8221; css=&#8221;&#8221;][\/vc_column][\/vc_row][vc_row][vc_column][vc_column_text css=&#8221;&#8221;]<\/p>\n<p data-start=\"2782\" data-end=\"2845\">Tre\u015bciowo rysunki pozostaj\u0105 w tej samej, co malarstwo, strefie:<\/p>\n<ul data-start=\"2847\" data-end=\"3289\">\n<li data-start=\"2847\" data-end=\"2963\">\n<p data-start=\"2849\" data-end=\"2963\"><strong data-start=\"2849\" data-end=\"2870\">Samotno\u015b\u0107 postaci<\/strong> \u2013 bohater cz\u0119sto jest jeden: trzyma kul\u0119, stoi na mo\u015bcie, stawia op\u00f3r groteskowej figurze.<\/p>\n<\/li>\n<li data-start=\"2964\" data-end=\"3118\">\n<p data-start=\"2966\" data-end=\"3118\"><strong data-start=\"2966\" data-end=\"2981\">Teatralno\u015b\u0107<\/strong> \u2013 wiele scen wygl\u0105da jak fragment spektaklu na abstrakcyjnej scenie. Pustka t\u0142a i gra \u015bwiate\u0142 buduj\u0105 napi\u0119cie, znane z du\u017cych p\u0142\u00f3cien.<\/p>\n<\/li>\n<li data-start=\"3119\" data-end=\"3289\">\n<p data-start=\"3121\" data-end=\"3289\"><strong data-start=\"3121\" data-end=\"3137\">Dwuznaczno\u015b\u0107<\/strong> \u2013 podobnie jak w obrazach, trudno tu o jednoznaczne odczytanie; to raczej metafory stan\u00f3w psychicznych, duchowych, ni\u017c ilustracje konkretnych historii.<\/p>\n<\/li>\n<\/ul>\n<p data-start=\"3291\" data-end=\"3491\">Mo\u017cna odnie\u015b\u0107 wra\u017cenie, \u017ce w rysunku Bronkiewicz <strong data-start=\"3340\" data-end=\"3353\">destyluje<\/strong> w\u0142asn\u0105 poetyk\u0119: je\u015bli w obrazach buduje \u015bwiat z koloru, faktury i linii, tu zostaje sama linia \u2013 i ona wystarcza, by ten \u015bwiat rozpozna\u0107.<\/p>\n<p>[\/vc_column_text][\/vc_column][\/vc_row][vc_row][vc_column width=&#8221;1\/2&#8243;][vc_single_image image=&#8221;332&#8243; img_size=&#8221;large&#8221; add_caption=&#8221;yes&#8221; alignment=&#8221;center&#8221; style=&#8221;vc_box_shadow_3d&#8221; onclick=&#8221;zoom&#8221; css_animation=&#8221;fadeIn&#8221; css=&#8221;&#8221;][\/vc_column][vc_column width=&#8221;1\/2&#8243;][vc_single_image image=&#8221;331&#8243; img_size=&#8221;large&#8221; add_caption=&#8221;yes&#8221; alignment=&#8221;center&#8221; style=&#8221;vc_box_shadow_3d&#8221; onclick=&#8221;zoom&#8221; css_animation=&#8221;fadeIn&#8221; css=&#8221;&#8221;][\/vc_column][\/vc_row][vc_row][vc_column width=&#8221;1\/2&#8243;][vc_single_image image=&#8221;330&#8243; img_size=&#8221;large&#8221; add_caption=&#8221;yes&#8221; alignment=&#8221;center&#8221; style=&#8221;vc_box_shadow_3d&#8221; onclick=&#8221;zoom&#8221; css_animation=&#8221;fadeIn&#8221; css=&#8221;&#8221;][\/vc_column][vc_column width=&#8221;1\/2&#8243;][vc_single_image image=&#8221;329&#8243; img_size=&#8221;large&#8221; add_caption=&#8221;yes&#8221; alignment=&#8221;center&#8221; style=&#8221;vc_box_shadow_3d&#8221; onclick=&#8221;zoom&#8221; css_animation=&#8221;fadeIn&#8221; css=&#8221;&#8221;][\/vc_column][\/vc_row][vc_row][vc_column width=&#8221;1\/2&#8243;][vc_single_image image=&#8221;328&#8243; img_size=&#8221;large&#8221; add_caption=&#8221;yes&#8221; alignment=&#8221;center&#8221; style=&#8221;vc_box_shadow_3d&#8221; onclick=&#8221;zoom&#8221; css_animation=&#8221;fadeIn&#8221; css=&#8221;&#8221;][\/vc_column][vc_column width=&#8221;1\/2&#8243;][vc_single_image image=&#8221;327&#8243; img_size=&#8221;large&#8221; add_caption=&#8221;yes&#8221; alignment=&#8221;center&#8221; style=&#8221;vc_box_shadow_3d&#8221; onclick=&#8221;zoom&#8221; css_animation=&#8221;fadeIn&#8221; css=&#8221;&#8221;][\/vc_column][\/vc_row][vc_row][vc_column width=&#8221;1\/2&#8243;][vc_single_image image=&#8221;326&#8243; img_size=&#8221;large&#8221; add_caption=&#8221;yes&#8221; alignment=&#8221;center&#8221; style=&#8221;vc_box_shadow_3d&#8221; onclick=&#8221;zoom&#8221; css_animation=&#8221;fadeIn&#8221; css=&#8221;&#8221;][\/vc_column][vc_column width=&#8221;1\/2&#8243;][vc_single_image image=&#8221;325&#8243; img_size=&#8221;large&#8221; add_caption=&#8221;yes&#8221; alignment=&#8221;center&#8221; style=&#8221;vc_box_shadow_3d&#8221; onclick=&#8221;zoom&#8221; css_animation=&#8221;fadeIn&#8221; css=&#8221;&#8221;][\/vc_column][\/vc_row][vc_row][vc_column][vc_column_text css=&#8221;&#8221;]<\/p>\n<p data-start=\"3537\" data-end=\"3630\">W kontek\u015bcie ca\u0142ego dorobku Tadeusza Bronkiewicza te czarno-bia\u0142e prace mo\u017cna traktowa\u0107 jako:<\/p>\n<ul data-start=\"3632\" data-end=\"4210\">\n<li data-start=\"3632\" data-end=\"3787\">\n<p data-start=\"3634\" data-end=\"3787\"><strong data-start=\"3634\" data-end=\"3655\">poligon wyobra\u017ani<\/strong> \u2013 miejsce testowania motyw\u00f3w, relacji posta\u0107\u2013przestrze\u0144, nastroj\u00f3w, kt\u00f3re p\u00f3\u017aniej nabieraj\u0105 \u201ecia\u0142a\u201d w malarstwie i p\u0142askorze\u017abie;<\/p>\n<\/li>\n<li data-start=\"3788\" data-end=\"3955\">\n<p data-start=\"3790\" data-end=\"3955\"><strong data-start=\"3790\" data-end=\"3815\">graficzny odpowiednik<\/strong> jego akryli \u2013 r\u00f3wnorz\u0119dn\u0105, nie \u201epodporz\u0105dkowan\u0105\u201d dziedzin\u0119, gdzie to, co w obrazach jest barw\u0105 i faktur\u0105, tutaj przejmuje kreska i punkt;<\/p>\n<\/li>\n<li data-start=\"3956\" data-end=\"4210\">\n<p data-start=\"3958\" data-end=\"4210\"><strong data-start=\"3958\" data-end=\"3983\">klucz interpretacyjny<\/strong> \u2013 dzi\u0119ki uproszczeniu j\u0119zyka plastycznego \u0142atwiej dostrzec, \u017ce u podstaw ca\u0142ej tw\u00f3rczo\u015bci le\u017cy <strong data-start=\"4079\" data-end=\"4124\">opowie\u015b\u0107 o cz\u0142owieku w \u015bwiecie granicznym<\/strong>: mi\u0119dzy architektur\u0105 a natur\u0105, mi\u0119dzy sacrum a grotesk\u0105, mi\u0119dzy codzienno\u015bci\u0105 a snem.<\/p>\n<\/li>\n<\/ul>\n<p data-start=\"4212\" data-end=\"4466\">Podsumowuj\u0105c: te rysunki nie s\u0105 dodatkiem, lecz wa\u017cnym, \u201eskondensowanym\u201d rozdzia\u0142em tw\u00f3rczo\u015bci Bronkiewicza \u2013 pokazuj\u0105, \u017ce jego j\u0119zyk jest na tyle sp\u00f3jny, i\u017c potrafi istnie\u0107 zar\u00f3wno w barwnej, malarskiej materii, jak i w ascetycznej, czarno-bia\u0142ej linii.<\/p>\n<p>[\/vc_column_text][\/vc_column][\/vc_row]<\/p>\n<\/div>","protected":false},"excerpt":{"rendered":"<p>[vc_row][vc_column][vc_column_text css=&#8221;&#8221;] Rysunki \u015bwietnie \u201edomykaj\u0105\u201d obraz tw\u00f3rczo\u015bci Tadeusza Bronkiewicza \u2013 s\u0105 jak notatnik wyobra\u017ani, w kt\u00f3rym w najczystszej, liniowej postaci pojawiaj\u0105 si\u0119 wszystkie jego ulubione motywy z obraz\u00f3w i p\u0142askorze\u017ab. Grafika jako laboratorium form W por\u00f3wnaniu z rozbudowanymi, kolorystycznie g\u0119stymi obrazami, rysunki dzia\u0142aj\u0105 jak szkicownik idei.\u2013 Linia przejmuje rol\u0119 koloru: jest gi\u0119tka, kaligraficzna, raz pewna [&hellip;]<\/p>\n","protected":false},"author":1,"featured_media":338,"parent":0,"menu_order":0,"comment_status":"closed","ping_status":"closed","template":"","meta":{"footnotes":""},"class_list":["post-31","page","type-page","status-publish","has-post-thumbnail","hentry"],"_links":{"self":[{"href":"https:\/\/bronkiewicz.pl\/index.php?rest_route=\/wp\/v2\/pages\/31","targetHints":{"allow":["GET"]}}],"collection":[{"href":"https:\/\/bronkiewicz.pl\/index.php?rest_route=\/wp\/v2\/pages"}],"about":[{"href":"https:\/\/bronkiewicz.pl\/index.php?rest_route=\/wp\/v2\/types\/page"}],"author":[{"embeddable":true,"href":"https:\/\/bronkiewicz.pl\/index.php?rest_route=\/wp\/v2\/users\/1"}],"replies":[{"embeddable":true,"href":"https:\/\/bronkiewicz.pl\/index.php?rest_route=%2Fwp%2Fv2%2Fcomments&post=31"}],"version-history":[{"count":22,"href":"https:\/\/bronkiewicz.pl\/index.php?rest_route=\/wp\/v2\/pages\/31\/revisions"}],"predecessor-version":[{"id":1193,"href":"https:\/\/bronkiewicz.pl\/index.php?rest_route=\/wp\/v2\/pages\/31\/revisions\/1193"}],"wp:featuredmedia":[{"embeddable":true,"href":"https:\/\/bronkiewicz.pl\/index.php?rest_route=\/wp\/v2\/media\/338"}],"wp:attachment":[{"href":"https:\/\/bronkiewicz.pl\/index.php?rest_route=%2Fwp%2Fv2%2Fmedia&parent=31"}],"curies":[{"name":"wp","href":"https:\/\/api.w.org\/{rel}","templated":true}]}}