{"id":636,"date":"2025-10-30T13:36:39","date_gmt":"2025-10-30T13:36:39","guid":{"rendered":"http:\/\/localhost\/wordpress\/?page_id=15"},"modified":"2025-11-25T10:20:43","modified_gmt":"2025-11-25T10:20:43","slug":"home","status":"publish","type":"page","link":"https:\/\/bronkiewicz.pl\/","title":{"rendered":"Tadeusz Bronkiewicz g\u0142\u00f3wna"},"content":{"rendered":"<div class=\"wpb-content-wrapper\"><p>[vc_row full_width=&#8221;stretch_row_content&#8221;][vc_column][rev_slider_vc alias=&#8221;main&#8221; title=&#8221;Tadeusz Bronkiewicz&#8221;][\/vc_column][\/vc_row][vc_row full_width=&#8221;stretch_row_content&#8221; gap=&#8221;1&#8243; css=&#8221;.vc_custom_1761659616626{margin-top: 45px !important;}&#8221;][vc_column][eagleeyes_team title=&#8221;Biogram&#8221; number=&#8221;01&#8243; name=&#8221;Rze\u017abiarz, malarz, rysownik&#8221; image=&#8221;815&#8243; class=&#8221;img`{`alt=&#8220;image description&#8220;`}`, img`{`alt=&#8220;signature&#8220;`}`, .signature, .figcaption, figcaption { display: none !important; }&#8221;]<\/p>\n<h2>O\u202fArty\u015bcie<\/h2>\n<p>Tw\u00f3rczo\u015b\u0107 Tadeusza\u202fBronkiewicza wymyka si\u0119 jednoznacznym kategoriom. Maluje, rysuje, rze\u017abi \u2014 w czarnym d\u0119bie, kamieniu, papierze i p\u0142\u00f3tnie. Jego sztuka to nie tylko forma, lecz \u015blad \u2014 psychiczny, metafizyczny, czasem archetypiczny.<\/p>\n<p>Z jednej strony bliska naturze, zakorzeniona w surowym materiale Roztocza, z drugiej \u2014 otwarta na do\u015bwiadczenie wewn\u0119trzne. Bronkiewicz m\u00f3wi j\u0119zykiem symboli, intuicji, pami\u0119ci cia\u0142a i warstw, kt\u00f3re trudno wypowiedzie\u0107 s\u0142owami.<\/p>\n<p>Cho\u0107 nie nawi\u0105zuje bezpo\u015brednio do \u017cadnej szko\u0142y czy kierunku, mo\u017cna dostrzec echo lektur \u2014\u202fJunga, Merleau\u2011Ponty\u2019ego, Szestowa, Deweya czy Ciorana. Ale to nie ich idee prowadz\u0105 d\u0142uto \u2014 to w\u0142asny proces.<\/p>\n<p><a class=\"btn\u2011more\u2011bio\" href=\"https:\/\/bronkiewicz.pl\/?page_id=21\">Poznaj pe\u0142ny biogram \u2192<\/a>[\/eagleeyes_team][\/vc_column][\/vc_row][vc_row full_width=&#8221;stretch_row&#8221; content_placement=&#8221;top&#8221; row_title=&#8221;Malarstwo&#8221;][vc_column][eagleeyes_portfolio source=&#8221;size:8|order_by:rand|post_type:portfolio|tax_query:49,53,54,51,52,50,64&#8243; align=&#8221;right&#8221; cms_template=&#8221;eagleeyes_portfolio.php&#8221; number=&#8221;02&#8243; title=&#8221;PORTFOLIO&#8221;][\/vc_column][\/vc_row][vc_row full_width=&#8221;stretch_row_content&#8221; css=&#8221;.vc_custom_1763089689577{margin-bottom: 80px !important;}&#8221; el_id=&#8221;123,123,4,567&#8243;][vc_column][eagleeyes_fancybox title=&#8221;WYSTAWY&#8221; number=&#8221;03&#8243; fancyboxes=&#8221;%5B%7B%22fancybox_title%22%3A%22Limanowa%202023%22%2C%22icon_type%22%3A%22icomoon%22%2C%22icomoon%22%3A%22icons-ico-01%22%2C%22icon_position%22%3A%22left%22%2C%22desc%22%3A%22Muzeum%20Regionalne%20Ziemi%20Limanowskiej%20i%20Towarzystwa%20Sztuk%20Pi%C4%99knych%20w%20Nowym%20S%C4%85czu%2C%202023%20r.%5Cn%22%7D%2C%7B%22fancybox_title%22%3A%22Katowice%202018%20%22%2C%22icon_type%22%3A%22icomoon%22%2C%22icomoon%22%3A%22icons-ico-01%22%2C%22icon_position%22%3A%22left%22%2C%22desc%22%3A%22Galeria%20Szyb%20Wilson%2C%20II%20Przegl%C4%85d%20Sztuki%20Wsp%C3%B3%C5%82czesnej%20Nowa%20Awangarda%2C%20malarstwo%5Cn%22%7D%2C%7B%22fancybox_title%22%3A%22Cieszan%C3%B3w%202017%22%2C%22icon_type%22%3A%22fontello%22%2C%22icon_position%22%3A%22left%22%2C%22desc%22%3A%22%E2%80%9EFestiwal%20Kultury%20Pogranicza%E2%80%9D%20malarstwo%22%7D%2C%7B%22fancybox_title%22%3A%22Gorajec%202017%22%2C%22icon_type%22%3A%22icomoon%22%2C%22icomoon%22%3A%22icons-ico-01%22%2C%22icon_position%22%3A%22left%22%2C%22desc%22%3A%22%E2%80%9EObrobione%20ale%20nieokrzesane%E2%80%9D%20rze%C5%BAba%20w%20kamieniu%2C%20wystawa%20plenerowa%22%7D%2C%7B%22fancybox_title%22%3A%22Jarocin%202017%22%2C%22icon_type%22%3A%22icomoon%22%2C%22icomoon%22%3A%22icons-ico-01%22%2C%22icon_position%22%3A%22left%22%2C%22desc%22%3A%22%E2%80%9ESKALNIK-SKO%C5%81%E2%80%9D%20rze%C5%BAba%20w%20kamieniu%2C%20GOK%22%7D%2C%7B%22fancybox_title%22%3A%22Nowy%20S%C4%85cz%202015%20%22%2C%22icon_type%22%3A%22icomoon%22%2C%22icomoon%22%3A%22icons-ico-02%22%2C%22icon_position%22%3A%22left%22%2C%22desc%22%3A%22Galeria%20%E2%80%9EPod%20Schodami%E2%80%9D%20XXXVI%20wystawa%20pokonkursowa%20Towarzystwa%20Przyjaci%C3%B3%C5%82%20Sztuk%20Pi%C4%99knych%22%7D%2C%7B%22fancybox_title%22%3A%22Warszawa%202014%22%2C%22icon_type%22%3A%22icomoon%22%2C%22icomoon%22%3A%22icons-ico-03%22%2C%22icon_position%22%3A%22left%22%2C%22desc%22%3A%22%E2%80%9EKabalista%20%E2%80%93%20cz%C5%82owiek%20w%20drodze%E2%80%A6%E2%80%9D%20malarstwo%2C%20XI%20edycja%20Festiwalu%20Kultury%20%C5%BBydowskiej%20Warszawa%20Singera%22%7D%2C%7B%22fancybox_title%22%3A%22Rzesz%C3%B3w%202013%22%2C%22icon_type%22%3A%22icomoon%22%2C%22icomoon%22%3A%22icons-ico-04%22%2C%22icon_position%22%3A%22left%22%2C%22desc%22%3A%22%E2%80%9EPo%20tamtej%20stronie%20lustra%E2%80%9D%20malarstwo%2C%20Wojew%C3%B3dzki%20Dom%20Kultury%22%7D%2C%7B%22fancybox_title%22%3A%22Warszawa%202013%22%2C%22icon_type%22%3A%22icomoon%22%2C%22icomoon%22%3A%22icons-ico-05%22%2C%22icon_position%22%3A%22left%22%2C%22desc%22%3A%22%E2%80%9ESukot%E2%80%9D%20malarstwo%2C%20X%20edycja%20Festiwalu%20Kultury%20%C5%BBydowskiej%20Warszawa%20Singera%22%7D%2C%7B%22fancybox_title%22%3A%22Rudnik%20nad%20Sanem%202010%22%2C%22icon_type%22%3A%22icomoon%22%2C%22icomoon%22%3A%22icons-ico-06%22%2C%22icon_position%22%3A%22left%22%2C%22desc%22%3A%22%E2%80%9ESztuka%20i%20jej%20wielkie%20oczy%E2%80%9D%20malarstwo%2C%20p%C5%82askorze%C5%BAba%20i%20rze%C5%BAba%20w%20drewnie%2C%20Galeria%20%E2%80%9ENa%20pi%C4%99trze%E2%80%9D%20Centrum%20Wikliniarstwa%22%7D%2C%7B%22fancybox_title%22%3A%22Pary%C5%BC%202008%22%2C%22icon_type%22%3A%22icomoon%22%2C%22icomoon%22%3A%22icons-ico-07%22%2C%22icon_position%22%3A%22left%22%2C%22desc%22%3A%22%E2%80%9ELe%20Coupe%20Gorge%E2%80%9D%20malarstwo%22%7D%2C%7B%22fancybox_title%22%3A%22Lublin%202000%22%2C%22icon_type%22%3A%22icomoon%22%2C%22icomoon%22%3A%22icons-ico-08%22%2C%22icon_position%22%3A%22left%22%2C%22desc%22%3A%22Galeria%20%E2%80%9EPrzy%20Bramie%E2%80%9D%20malarstwo%22%7D%2C%7B%22fancybox_title%22%3A%22Nowy%20S%C4%85cz%202002%22%2C%22icon_type%22%3A%22icomoon%22%2C%22icomoon%22%3A%22icons-ico-09%22%2C%22icon_position%22%3A%22left%22%2C%22desc%22%3A%22Galeria%20%E2%80%9EDa%20Vinci%E2%80%9D%20malarstwo%22%7D%5D&#8221; align=&#8221;left&#8221; link=&#8221;url:https%3A%2F%2Fbronkiewicz.pl%2F%3Fpage_id%3D308|title:View%20All&#8221; css=&#8221;.vc_custom_1763957282936{background-position: center !important;background-repeat: no-repeat !important;background-size: contain !important;}&#8221;][\/vc_column][\/vc_row][vc_row full_width=&#8221;stretch_row_content&#8221; css=&#8221;.vc_custom_1473691870762{margin-bottom: 80px !important;}&#8221;][vc_column][eagleeyes_testimonials title=&#8221;Wydarzenia&#8221; number=&#8221;04&#8243; testimonials=&#8221;%5B%7B%22name%22%3A%222023%22%2C%22regency%22%3A%22Yetali%20w%20Bielinach%22%2C%22desc%22%3A%22Pi%C4%85ta%20edycja%20festiwalu%2C%20w%20kt%C3%B3rej%20udzia%C5%82%20wzi%C4%99%C5%82o%20oko%C5%82o%20400%20artyst%C3%B3w.%22%2C%22image%22%3A%221014%22%7D%2C%7B%22name%22%3A%22Ktowice%20%22%2C%22regency%22%3A%222018%22%2C%22desc%22%3A%22Galeria%20Szyb%20Wilson%2C%20II%20Przegl%C4%85d%20Sztuki%20Wsp%C3%B3%C5%82czesnej%20Nowa%20Awangarda%2C%20malarstwo%22%2C%22image%22%3A%221016%22%7D%2C%7B%22name%22%3A%22Gorajec%22%2C%22regency%22%3A%222018%22%2C%22desc%22%3A%22To%20jedno%20z%20tych%20miejsc%2C%20gdzie%20kamie%C5%84%20staje%20si%C4%99%20opowie%C5%9Bci%C4%85%2C%20a%20spojrzenie%20dziecka%20przypomina%2C%20%C5%BCe%20w%20ka%C5%BCdej%20rze%C5%BAbie%20drzemie%20co%C5%9B%20%C5%BCywego.%22%2C%22image%22%3A%221010%22%7D%2C%7B%22name%22%3A%22XI%20edycja%20Festiwalu%20Kultury%20%C5%BBydowskiej%20Warszawa%20Singera%22%2C%22regency%22%3A%222014%22%2C%22desc%22%3A%22Intymne%20spotkanie%20ze%20sztuk%C4%85%2C%20w%20kt%C3%B3rej%20barwa%20i%20%C5%9Bwiat%C5%82o%20prowadz%C4%85%20widza%20w%20podr%C3%B3%C5%BC%20duchow%C4%85%20%E2%80%93%20pe%C5%82n%C4%85%20refleksji%20i%20ciep%C5%82a%20ludzkich%20spotka%C5%84.%22%2C%22image%22%3A%221003%22%7D%2C%7B%22name%22%3A%22Warszawa%22%2C%22image%22%3A%221036%22%7D%2C%7B%7D%2C%7B%22image%22%3A%221031%22%7D%2C%7B%22image%22%3A%221015%22%7D%2C%7B%22image%22%3A%221013%22%7D%5D&#8221; align=&#8221;right&#8221; link=&#8221;url:%23|title:View%20All|&#8221;][eagleeyes_testimonials title=&#8221;Wydarzenia&#8221; number=&#8221;05&#8243; testimonials=&#8221;%5B%7B%22name%22%3A%22XI%20Festiwal%20Singera%22%2C%22regency%22%3A%22Warszawa%22%2C%22desc%22%3A%22Wystawy%20wype%C5%82nione%20%C5%9Bwiat%C5%82em%2C%20kolorem%20i%20symbolik%C4%85%2C%20inspirowane%20%C5%9Bwi%C4%99tem%20rado%C5%9Bci%20i%20schronienia.%5CnSztuka%2C%20kt%C3%B3ra%20%E2%80%93%20niczym%20sama%20Suka%20%E2%80%93%20otwiera%20przestrze%C5%84%20spotkania%20i%20refleksji%20nad%20krucho%C5%9Bci%C4%85%2C%20wiar%C4%85%20i%20cz%C5%82owiecze%C5%84stwem.%22%2C%22image%22%3A%221037%22%7D%2C%7B%22name%22%3A%22Warszawa%22%2C%22image%22%3A%221035%22%7D%2C%7B%22name%22%3A%22Rzesz%C3%B3w%22%2C%22image%22%3A%221029%22%7D%2C%7B%22regency%22%3A%22Cieszan%C3%B3w%22%2C%22image%22%3A%221021%22%7D%2C%7B%22image%22%3A%221012%22%7D%2C%7B%22name%22%3A%22Warszawa%22%2C%22image%22%3A%221024%22%7D%2C%7B%22name%22%3A%22Jarocin%22%2C%22image%22%3A%221006%22%7D%2C%7B%22name%22%3A%22Rzesz%C3%B3w%22%2C%22image%22%3A%221025%22%7D%5D&#8221; link=&#8221;url:%23|title:View%20All|&#8221;][\/vc_column][\/vc_row][vc_row full_width=&#8221;stretch_row_content&#8221; css=&#8221;.vc_custom_1473691891481{margin-bottom: 80px !important;}&#8221;][vc_column][eagleeyes_blogs source=&#8221;size:3|order_by:title|post_type:post|categories:59&#8243; cms_template=&#8221;eagleeyes_blogs&#8211;style-1.php&#8221;][\/vc_column][\/vc_row][vc_row][vc_column][vc_wp_custommenu title=&#8221;Menu&#8221; nav_menu=&#8221;&#8221;][\/vc_column][\/vc_row]<\/p>\n<\/div>","protected":false},"excerpt":{"rendered":"<p>[vc_row full_width=&#8221;stretch_row_content&#8221;][vc_column][rev_slider_vc alias=&#8221;main&#8221; title=&#8221;Tadeusz Bronkiewicz&#8221;][\/vc_column][\/vc_row][vc_row full_width=&#8221;stretch_row_content&#8221; gap=&#8221;1&#8243; css=&#8221;.vc_custom_1761659616626{margin-top: 45px !important;}&#8221;][vc_column][eagleeyes_team title=&#8221;Biogram&#8221; number=&#8221;01&#8243; name=&#8221;Rze\u017abiarz, malarz, rysownik&#8221; image=&#8221;815&#8243; class=&#8221;img`{`alt=&#8220;image description&#8220;`}`, img`{`alt=&#8220;signature&#8220;`}`, .signature, .figcaption, figcaption { display: none !important; }&#8221;] O\u202fArty\u015bcie Tw\u00f3rczo\u015b\u0107 Tadeusza\u202fBronkiewicza wymyka si\u0119 jednoznacznym kategoriom. Maluje, rysuje, rze\u017abi \u2014 w czarnym d\u0119bie, kamieniu, papierze i p\u0142\u00f3tnie. Jego sztuka to nie tylko forma, lecz \u015blad \u2014 psychiczny, [&hellip;]<\/p>\n","protected":false},"author":2,"featured_media":0,"parent":0,"menu_order":0,"comment_status":"closed","ping_status":"closed","template":"","meta":{"footnotes":""},"class_list":["post-636","page","type-page","status-publish","hentry"],"_links":{"self":[{"href":"https:\/\/bronkiewicz.pl\/index.php?rest_route=\/wp\/v2\/pages\/636","targetHints":{"allow":["GET"]}}],"collection":[{"href":"https:\/\/bronkiewicz.pl\/index.php?rest_route=\/wp\/v2\/pages"}],"about":[{"href":"https:\/\/bronkiewicz.pl\/index.php?rest_route=\/wp\/v2\/types\/page"}],"author":[{"embeddable":true,"href":"https:\/\/bronkiewicz.pl\/index.php?rest_route=\/wp\/v2\/users\/2"}],"replies":[{"embeddable":true,"href":"https:\/\/bronkiewicz.pl\/index.php?rest_route=%2Fwp%2Fv2%2Fcomments&post=636"}],"version-history":[{"count":74,"href":"https:\/\/bronkiewicz.pl\/index.php?rest_route=\/wp\/v2\/pages\/636\/revisions"}],"predecessor-version":[{"id":1267,"href":"https:\/\/bronkiewicz.pl\/index.php?rest_route=\/wp\/v2\/pages\/636\/revisions\/1267"}],"wp:attachment":[{"href":"https:\/\/bronkiewicz.pl\/index.php?rest_route=%2Fwp%2Fv2%2Fmedia&parent=636"}],"curies":[{"name":"wp","href":"https:\/\/api.w.org\/{rel}","templated":true}]}}